{"id":28,"date":"2021-11-18T21:30:35","date_gmt":"2021-11-18T21:30:35","guid":{"rendered":"https:\/\/www.promotingdialogue.eu\/?page_id=28"},"modified":"2021-12-23T22:40:15","modified_gmt":"2021-12-23T22:40:15","slug":"proyecto","status":"publish","type":"page","link":"https:\/\/www.promotingdialogue.eu\/en\/proyecto\/","title":{"rendered":"Analysis and intercultural dialogue with migrant children and youth at Sant Joan de D\u00e9u-Terres de Lleida"},"content":{"rendered":"<p>This is the origin of the Al-Jisr project, which was set up thanks to funding from the KAICIID International Fellowship Programme and the incorporation into the team of Yoan Molinero Gerbeau, a researcher belonging to the IMMERSE group from which he has carried out different analyses on the reality of unaccompanied minors in Spain. The proposal presented to KAICIID in June 2021 consisted of an analytical study of unaccompanied minors as well as the implementation of intercultural and interreligious dialogue workshops between local youth and unaccompanied minors.&nbsp;<\/p>\n\n\n\n<p>The centre chosen for the fieldwork and as the place where the project sessions would take place was the institution Sant Joan de D\u00e9u de Lleida. In addition to the facilities provided for the development of the research, this institution can be pointed out as a model of <em>best practices<\/em> due to the reception and support provided to the unaccompanied minors under its guardianship. Sant Joan de D\u00e9u-Lleida is structured around different devices, depending on the migrant's own process: \u2018Emergency\u2019 (for new arrivals), \u2018First reception\u2019 (minors living in the centre itself) and a whole series of flats and projects in which the young migrants are housed in flats in the city but are still under the tutelage \u2013 in one way or another \u2013 of the institution (particularly the flats in Corts Catalanas and the Sostre 360 project).The analytical part consisted of 12 interviews with migrant children and youth, distributed as follows: three in emergency, three in first reception and five between the Corts Catalanas flat and Sostre 360. Most of the interviewees ranged in age from 16 to 20 years old. In these interviews, we tried to go deeper into their contexts of origin and their formative processes, the different cultural and cognitive conflicts they potentially experienced during the migration process and, finally, their perception of their degree of integration into Spanish society.&nbsp;<\/p>\n\n\n\n<p>In addition, seven agents of the institution were interviewed (the head of the SAER \u2013 spiritual and religious assistance service \u2013 a brother from the community that owns the centre \u2013 the Order of the Hospitaller Brothers of St. John of God \u2013 social workers and psychologists). In the case of the interview with the centre's staff, the aim was to delve into the work carried out with the young people as well as the treatment offered to them for their cultural, idiosyncratic and religious characteristics.&nbsp;<\/p>\n\n\n\n<p>Two discussion groups were also held in which the analytical part was combined with the experience of an intercultural and interreligious dialogue. In this sense, two groups were organised: one with four young people (two local and two migrant) in a school that they attended, and another with seven young people (three local and four migrant). The first aim of the sessions was to enable the participants to make explicit the cultural differences between them as well as the conflicts that sometimes arise from these differences. Secondly, we proposed that the participants explore ways in which they could overcome these conflicting views of reality and move towards collaborative and dialogical models, both among themselves and in society as a whole. At the end of the groups, a \u2018festive\u2019 moment was proposed for the members by means of a shared lunch.&nbsp;<\/p>\n\n\n\n<p>We also participated in a spirituality workshop organised by the institution with the \u2018Emergencies\u2019 group. The aim of the workshop was so that the members could make explicit those questions that were common to all of them beyond the cultural differences of their cultural contexts.&nbsp;<\/p>","protected":false},"excerpt":{"rendered":"<p>El primer proyecto surge de una propuesta presentada en junio de 2021 al KAICIID, en el marco del KAICIID International Fellowship Programme, sobre la realizaci\u00f3n de un estudio anal\u00edtico con menores no acompa\u00f1ados, as\u00ed como el desarrollo de talleres de di\u00e1logo intercultural e interreligioso entre j\u00f3venes locales y j\u00f3venes migrantes que han sido o son [&hellip;]<\/p>\n","protected":false},"author":1,"featured_media":640,"parent":0,"menu_order":0,"comment_status":"closed","ping_status":"closed","template":"","meta":{"_acf_changed":false,"_et_pb_use_builder":"off","_et_pb_old_content":"","_et_gb_content_width":"","footnotes":""},"class_list":["post-28","page","type-page","status-publish","has-post-thumbnail","hentry"],"acf":[],"yoast_head":"<!-- This site is optimized with the Yoast SEO plugin v25.6 - https:\/\/yoast.com\/wordpress\/plugins\/seo\/ -->\n<title>An\u00e1lisis y di\u00e1logo intercultural con ni\u00f1os y j\u00f3venes migrantes en Sant Joan de D\u00e9u-Terres de Lleida - Promoting Dialogue<\/title>\n<meta name=\"robots\" content=\"index, follow, max-snippet:-1, max-image-preview:large, max-video-preview:-1\" \/>\n<link rel=\"canonical\" href=\"https:\/\/www.promotingdialogue.eu\/en\/proyecto\/\" \/>\n<meta property=\"og:locale\" content=\"en_GB\" \/>\n<meta property=\"og:type\" content=\"article\" \/>\n<meta property=\"og:title\" content=\"An\u00e1lisis y di\u00e1logo intercultural con ni\u00f1os y j\u00f3venes migrantes en Sant Joan de D\u00e9u-Terres de Lleida - Promoting Dialogue\" \/>\n<meta property=\"og:description\" content=\"El primer proyecto surge de una propuesta presentada en junio de 2021 al KAICIID, en el marco del KAICIID International Fellowship Programme, sobre la realizaci\u00f3n de un estudio anal\u00edtico con menores no acompa\u00f1ados, as\u00ed como el desarrollo de talleres de di\u00e1logo intercultural e interreligioso entre j\u00f3venes locales y j\u00f3venes migrantes que han sido o son [&hellip;]\" \/>\n<meta property=\"og:url\" content=\"https:\/\/www.promotingdialogue.eu\/en\/proyecto\/\" \/>\n<meta property=\"og:site_name\" content=\"Promoting Dialogue\" \/>\n<meta property=\"article:modified_time\" content=\"2021-12-23T22:40:15+00:00\" \/>\n<meta property=\"og:image\" content=\"https:\/\/www.promotingdialogue.eu\/wp-content\/uploads\/2021\/12\/shutterstock_1064150102-min-scaled.webp\" \/>\n\t<meta property=\"og:image:width\" content=\"2560\" \/>\n\t<meta property=\"og:image:height\" content=\"1299\" \/>\n\t<meta property=\"og:image:type\" content=\"image\/webp\" \/>\n<meta name=\"twitter:card\" content=\"summary_large_image\" \/>\n<script type=\"application\/ld+json\" class=\"yoast-schema-graph\">{\"@context\":\"https:\/\/schema.org\",\"@graph\":[{\"@type\":\"WebPage\",\"@id\":\"https:\/\/www.promotingdialogue.eu\/proyecto\/\",\"url\":\"https:\/\/www.promotingdialogue.eu\/proyecto\/\",\"name\":\"An\u00e1lisis y di\u00e1logo intercultural con ni\u00f1os y j\u00f3venes migrantes en Sant Joan de D\u00e9u-Terres de Lleida - Promoting Dialogue\",\"isPartOf\":{\"@id\":\"https:\/\/www.promotingdialogue.eu\/#website\"},\"primaryImageOfPage\":{\"@id\":\"https:\/\/www.promotingdialogue.eu\/proyecto\/#primaryimage\"},\"image\":{\"@id\":\"https:\/\/www.promotingdialogue.eu\/proyecto\/#primaryimage\"},\"thumbnailUrl\":\"https:\/\/www.promotingdialogue.eu\/wp-content\/uploads\/2021\/12\/shutterstock_1064150102-min-scaled.webp\",\"datePublished\":\"2021-11-18T21:30:35+00:00\",\"dateModified\":\"2021-12-23T22:40:15+00:00\",\"breadcrumb\":{\"@id\":\"https:\/\/www.promotingdialogue.eu\/proyecto\/#breadcrumb\"},\"inLanguage\":\"en-GB\",\"potentialAction\":[{\"@type\":\"ReadAction\",\"target\":[\"https:\/\/www.promotingdialogue.eu\/proyecto\/\"]}]},{\"@type\":\"ImageObject\",\"inLanguage\":\"en-GB\",\"@id\":\"https:\/\/www.promotingdialogue.eu\/proyecto\/#primaryimage\",\"url\":\"https:\/\/www.promotingdialogue.eu\/wp-content\/uploads\/2021\/12\/shutterstock_1064150102-min-scaled.webp\",\"contentUrl\":\"https:\/\/www.promotingdialogue.eu\/wp-content\/uploads\/2021\/12\/shutterstock_1064150102-min-scaled.webp\",\"width\":2560,\"height\":1299},{\"@type\":\"BreadcrumbList\",\"@id\":\"https:\/\/www.promotingdialogue.eu\/proyecto\/#breadcrumb\",\"itemListElement\":[{\"@type\":\"ListItem\",\"position\":1,\"name\":\"Portada\",\"item\":\"https:\/\/www.promotingdialogue.eu\/\"},{\"@type\":\"ListItem\",\"position\":2,\"name\":\"An\u00e1lisis y di\u00e1logo intercultural con ni\u00f1os y j\u00f3venes migrantes en Sant Joan de D\u00e9u-Terres de Lleida\"}]},{\"@type\":\"WebSite\",\"@id\":\"https:\/\/www.promotingdialogue.eu\/#website\",\"url\":\"https:\/\/www.promotingdialogue.eu\/\",\"name\":\"Promoting Dialogue\",\"description\":\"Al-Jisr\",\"potentialAction\":[{\"@type\":\"SearchAction\",\"target\":{\"@type\":\"EntryPoint\",\"urlTemplate\":\"https:\/\/www.promotingdialogue.eu\/?s={search_term_string}\"},\"query-input\":{\"@type\":\"PropertyValueSpecification\",\"valueRequired\":true,\"valueName\":\"search_term_string\"}}],\"inLanguage\":\"en-GB\"}]}<\/script>\n<!-- \/ Yoast SEO plugin. -->","yoast_head_json":{"title":"An\u00e1lisis y di\u00e1logo intercultural con ni\u00f1os y j\u00f3venes migrantes en Sant Joan de D\u00e9u-Terres de Lleida - Promoting Dialogue","robots":{"index":"index","follow":"follow","max-snippet":"max-snippet:-1","max-image-preview":"max-image-preview:large","max-video-preview":"max-video-preview:-1"},"canonical":"https:\/\/www.promotingdialogue.eu\/en\/proyecto\/","og_locale":"en_GB","og_type":"article","og_title":"An\u00e1lisis y di\u00e1logo intercultural con ni\u00f1os y j\u00f3venes migrantes en Sant Joan de D\u00e9u-Terres de Lleida - Promoting Dialogue","og_description":"El primer proyecto surge de una propuesta presentada en junio de 2021 al KAICIID, en el marco del KAICIID International Fellowship Programme, sobre la realizaci\u00f3n de un estudio anal\u00edtico con menores no acompa\u00f1ados, as\u00ed como el desarrollo de talleres de di\u00e1logo intercultural e interreligioso entre j\u00f3venes locales y j\u00f3venes migrantes que han sido o son [&hellip;]","og_url":"https:\/\/www.promotingdialogue.eu\/en\/proyecto\/","og_site_name":"Promoting Dialogue","article_modified_time":"2021-12-23T22:40:15+00:00","og_image":[{"width":2560,"height":1299,"url":"https:\/\/www.promotingdialogue.eu\/wp-content\/uploads\/2021\/12\/shutterstock_1064150102-min-scaled.webp","type":"image\/webp"}],"twitter_card":"summary_large_image","schema":{"@context":"https:\/\/schema.org","@graph":[{"@type":"WebPage","@id":"https:\/\/www.promotingdialogue.eu\/proyecto\/","url":"https:\/\/www.promotingdialogue.eu\/proyecto\/","name":"An\u00e1lisis y di\u00e1logo intercultural con ni\u00f1os y j\u00f3venes migrantes en Sant Joan de D\u00e9u-Terres de Lleida - Promoting Dialogue","isPartOf":{"@id":"https:\/\/www.promotingdialogue.eu\/#website"},"primaryImageOfPage":{"@id":"https:\/\/www.promotingdialogue.eu\/proyecto\/#primaryimage"},"image":{"@id":"https:\/\/www.promotingdialogue.eu\/proyecto\/#primaryimage"},"thumbnailUrl":"https:\/\/www.promotingdialogue.eu\/wp-content\/uploads\/2021\/12\/shutterstock_1064150102-min-scaled.webp","datePublished":"2021-11-18T21:30:35+00:00","dateModified":"2021-12-23T22:40:15+00:00","breadcrumb":{"@id":"https:\/\/www.promotingdialogue.eu\/proyecto\/#breadcrumb"},"inLanguage":"en-GB","potentialAction":[{"@type":"ReadAction","target":["https:\/\/www.promotingdialogue.eu\/proyecto\/"]}]},{"@type":"ImageObject","inLanguage":"en-GB","@id":"https:\/\/www.promotingdialogue.eu\/proyecto\/#primaryimage","url":"https:\/\/www.promotingdialogue.eu\/wp-content\/uploads\/2021\/12\/shutterstock_1064150102-min-scaled.webp","contentUrl":"https:\/\/www.promotingdialogue.eu\/wp-content\/uploads\/2021\/12\/shutterstock_1064150102-min-scaled.webp","width":2560,"height":1299},{"@type":"BreadcrumbList","@id":"https:\/\/www.promotingdialogue.eu\/proyecto\/#breadcrumb","itemListElement":[{"@type":"ListItem","position":1,"name":"Portada","item":"https:\/\/www.promotingdialogue.eu\/"},{"@type":"ListItem","position":2,"name":"An\u00e1lisis y di\u00e1logo intercultural con ni\u00f1os y j\u00f3venes migrantes en Sant Joan de D\u00e9u-Terres de Lleida"}]},{"@type":"WebSite","@id":"https:\/\/www.promotingdialogue.eu\/#website","url":"https:\/\/www.promotingdialogue.eu\/","name":"Promoting Dialogue","description":"Al-Jisr","potentialAction":[{"@type":"SearchAction","target":{"@type":"EntryPoint","urlTemplate":"https:\/\/www.promotingdialogue.eu\/?s={search_term_string}"},"query-input":{"@type":"PropertyValueSpecification","valueRequired":true,"valueName":"search_term_string"}}],"inLanguage":"en-GB"}]}},"_links":{"self":[{"href":"https:\/\/www.promotingdialogue.eu\/en\/wp-json\/wp\/v2\/pages\/28"}],"collection":[{"href":"https:\/\/www.promotingdialogue.eu\/en\/wp-json\/wp\/v2\/pages"}],"about":[{"href":"https:\/\/www.promotingdialogue.eu\/en\/wp-json\/wp\/v2\/types\/page"}],"author":[{"embeddable":true,"href":"https:\/\/www.promotingdialogue.eu\/en\/wp-json\/wp\/v2\/users\/1"}],"replies":[{"embeddable":true,"href":"https:\/\/www.promotingdialogue.eu\/en\/wp-json\/wp\/v2\/comments?post=28"}],"version-history":[{"count":3,"href":"https:\/\/www.promotingdialogue.eu\/en\/wp-json\/wp\/v2\/pages\/28\/revisions"}],"predecessor-version":[{"id":665,"href":"https:\/\/www.promotingdialogue.eu\/en\/wp-json\/wp\/v2\/pages\/28\/revisions\/665"}],"wp:featuredmedia":[{"embeddable":true,"href":"https:\/\/www.promotingdialogue.eu\/en\/wp-json\/wp\/v2\/media\/640"}],"wp:attachment":[{"href":"https:\/\/www.promotingdialogue.eu\/en\/wp-json\/wp\/v2\/media?parent=28"}],"curies":[{"name":"wp","href":"https:\/\/api.w.org\/{rel}","templated":true}]}}