{"id":18,"date":"2021-11-18T18:11:36","date_gmt":"2021-11-18T18:11:36","guid":{"rendered":"https:\/\/www.promotingdialogue.eu\/?page_id=18"},"modified":"2021-11-27T18:55:45","modified_gmt":"2021-11-27T18:55:45","slug":"pagina-principal","status":"publish","type":"page","link":"https:\/\/www.promotingdialogue.eu\/en\/","title":{"rendered":"P\u00e1gina principal"},"content":{"rendered":"<p>Al-Jisr-es is a transformative and analytical project that has emerged from the reflection of young researchers on the opportunities and tensions existing in our pluralistic society. We live in an interconnected and globalised world. On our streets people of different cultures, ethnic groups, religions and ideas live side by side. Yet, this does not mean that there is a real dialogue, but rather that it is a context where encounters and tensions coexist, both on a global level and on a daily basis.\u00a0<\/p>\n\n\n\n<p>As researchers, this is the situation we want to better understand. To this end, we carry out sociological analyses of the different realities of conflict and dialogue that emerge between different cultures, ethnic groups and notably religions, in the European context. We believe that knowledge provides the means to reach consensus and common solutions to a situation that affect us all, because living in a plural society implies knowing and learning how to coexist.&nbsp;<\/p>\n\n\n\n<p>From Al-Jisr we want to put this knowledge at the service of society.For this reason we also promote spaces for dialogue between the different cultures and religions that coexist in European society through the organisation of workshops, seminars, conferences and meetings through which, from our differences, we can reach common goals, in short, we can build bridges.<\/p>\n\n\n\n<p>Al-Jisr was created, out of these concerns, in 2021 through the funding granted by the KAICIID International Fellowship Programme with the aim of conducting our first project with migrant youth and children. As a result of KAICIID's support, this website has also been launched, with the hope of being a point of contact between Al-Jisr and civil society.&nbsp;<\/p>","protected":false},"excerpt":{"rendered":"<p>Al-Jisr-es un proyecto de an\u00e1lisis y transformaci\u00f3n que surge de la reflexi\u00f3n de j\u00f3venes investigadores sobre las posibilidades as\u00ed como las tensiones existentes en nuestra sociedad plural. Vivimos en un mundo interconectado y global. En nuestras calles conviven personas de culturas, etnias, religiones, ideas distintas. Sin embargo, lejos de implicar la existencia de un verdadero [&hellip;]<\/p>\n","protected":false},"author":1,"featured_media":0,"parent":0,"menu_order":0,"comment_status":"closed","ping_status":"closed","template":"","meta":{"_acf_changed":false,"_et_pb_use_builder":"off","_et_pb_old_content":"<!-- wp:divi\/placeholder \/-->","_et_gb_content_width":"","footnotes":""},"class_list":["post-18","page","type-page","status-publish","hentry"],"acf":[],"yoast_head":"<!-- This site is optimized with the Yoast SEO plugin v25.6 - https:\/\/yoast.com\/wordpress\/plugins\/seo\/ -->\n<title>P\u00e1gina principal - Promoting Dialogue<\/title>\n<meta name=\"robots\" content=\"index, follow, max-snippet:-1, max-image-preview:large, max-video-preview:-1\" \/>\n<link rel=\"canonical\" href=\"https:\/\/www.promotingdialogue.eu\/en\/\" \/>\n<meta property=\"og:locale\" content=\"en_GB\" \/>\n<meta property=\"og:type\" content=\"article\" \/>\n<meta property=\"og:title\" content=\"P\u00e1gina principal - Promoting Dialogue\" \/>\n<meta property=\"og:description\" content=\"Al-Jisr-es un proyecto de an\u00e1lisis y transformaci\u00f3n que surge de la reflexi\u00f3n de j\u00f3venes investigadores sobre las posibilidades as\u00ed como las tensiones existentes en nuestra sociedad plural. Vivimos en un mundo interconectado y global. En nuestras calles conviven personas de culturas, etnias, religiones, ideas distintas. Sin embargo, lejos de implicar la existencia de un verdadero [&hellip;]\" \/>\n<meta property=\"og:url\" content=\"https:\/\/www.promotingdialogue.eu\/en\/\" \/>\n<meta property=\"og:site_name\" content=\"Promoting Dialogue\" \/>\n<meta property=\"article:modified_time\" content=\"2021-11-27T18:55:45+00:00\" \/>\n<meta name=\"twitter:card\" content=\"summary_large_image\" \/>\n<script type=\"application\/ld+json\" class=\"yoast-schema-graph\">{\"@context\":\"https:\/\/schema.org\",\"@graph\":[{\"@type\":\"WebPage\",\"@id\":\"https:\/\/www.promotingdialogue.eu\/\",\"url\":\"https:\/\/www.promotingdialogue.eu\/\",\"name\":\"P\u00e1gina principal - Promoting Dialogue\",\"isPartOf\":{\"@id\":\"https:\/\/www.promotingdialogue.eu\/#website\"},\"datePublished\":\"2021-11-18T18:11:36+00:00\",\"dateModified\":\"2021-11-27T18:55:45+00:00\",\"breadcrumb\":{\"@id\":\"https:\/\/www.promotingdialogue.eu\/#breadcrumb\"},\"inLanguage\":\"en-GB\",\"potentialAction\":[{\"@type\":\"ReadAction\",\"target\":[\"https:\/\/www.promotingdialogue.eu\/\"]}]},{\"@type\":\"BreadcrumbList\",\"@id\":\"https:\/\/www.promotingdialogue.eu\/#breadcrumb\",\"itemListElement\":[{\"@type\":\"ListItem\",\"position\":1,\"name\":\"Portada\",\"item\":\"https:\/\/www.promotingdialogue.eu\/\"},{\"@type\":\"ListItem\",\"position\":2,\"name\":\"P\u00e1gina principal\"}]},{\"@type\":\"WebSite\",\"@id\":\"https:\/\/www.promotingdialogue.eu\/#website\",\"url\":\"https:\/\/www.promotingdialogue.eu\/\",\"name\":\"Promoting Dialogue\",\"description\":\"Al-Jisr\",\"potentialAction\":[{\"@type\":\"SearchAction\",\"target\":{\"@type\":\"EntryPoint\",\"urlTemplate\":\"https:\/\/www.promotingdialogue.eu\/?s={search_term_string}\"},\"query-input\":{\"@type\":\"PropertyValueSpecification\",\"valueRequired\":true,\"valueName\":\"search_term_string\"}}],\"inLanguage\":\"en-GB\"}]}<\/script>\n<!-- \/ Yoast SEO plugin. -->","yoast_head_json":{"title":"P\u00e1gina principal - Promoting Dialogue","robots":{"index":"index","follow":"follow","max-snippet":"max-snippet:-1","max-image-preview":"max-image-preview:large","max-video-preview":"max-video-preview:-1"},"canonical":"https:\/\/www.promotingdialogue.eu\/en\/","og_locale":"en_GB","og_type":"article","og_title":"P\u00e1gina principal - Promoting Dialogue","og_description":"Al-Jisr-es un proyecto de an\u00e1lisis y transformaci\u00f3n que surge de la reflexi\u00f3n de j\u00f3venes investigadores sobre las posibilidades as\u00ed como las tensiones existentes en nuestra sociedad plural. Vivimos en un mundo interconectado y global. En nuestras calles conviven personas de culturas, etnias, religiones, ideas distintas. Sin embargo, lejos de implicar la existencia de un verdadero [&hellip;]","og_url":"https:\/\/www.promotingdialogue.eu\/en\/","og_site_name":"Promoting Dialogue","article_modified_time":"2021-11-27T18:55:45+00:00","twitter_card":"summary_large_image","schema":{"@context":"https:\/\/schema.org","@graph":[{"@type":"WebPage","@id":"https:\/\/www.promotingdialogue.eu\/","url":"https:\/\/www.promotingdialogue.eu\/","name":"P\u00e1gina principal - Promoting Dialogue","isPartOf":{"@id":"https:\/\/www.promotingdialogue.eu\/#website"},"datePublished":"2021-11-18T18:11:36+00:00","dateModified":"2021-11-27T18:55:45+00:00","breadcrumb":{"@id":"https:\/\/www.promotingdialogue.eu\/#breadcrumb"},"inLanguage":"en-GB","potentialAction":[{"@type":"ReadAction","target":["https:\/\/www.promotingdialogue.eu\/"]}]},{"@type":"BreadcrumbList","@id":"https:\/\/www.promotingdialogue.eu\/#breadcrumb","itemListElement":[{"@type":"ListItem","position":1,"name":"Portada","item":"https:\/\/www.promotingdialogue.eu\/"},{"@type":"ListItem","position":2,"name":"P\u00e1gina principal"}]},{"@type":"WebSite","@id":"https:\/\/www.promotingdialogue.eu\/#website","url":"https:\/\/www.promotingdialogue.eu\/","name":"Promoting Dialogue","description":"Al-Jisr","potentialAction":[{"@type":"SearchAction","target":{"@type":"EntryPoint","urlTemplate":"https:\/\/www.promotingdialogue.eu\/?s={search_term_string}"},"query-input":{"@type":"PropertyValueSpecification","valueRequired":true,"valueName":"search_term_string"}}],"inLanguage":"en-GB"}]}},"_links":{"self":[{"href":"https:\/\/www.promotingdialogue.eu\/en\/wp-json\/wp\/v2\/pages\/18"}],"collection":[{"href":"https:\/\/www.promotingdialogue.eu\/en\/wp-json\/wp\/v2\/pages"}],"about":[{"href":"https:\/\/www.promotingdialogue.eu\/en\/wp-json\/wp\/v2\/types\/page"}],"author":[{"embeddable":true,"href":"https:\/\/www.promotingdialogue.eu\/en\/wp-json\/wp\/v2\/users\/1"}],"replies":[{"embeddable":true,"href":"https:\/\/www.promotingdialogue.eu\/en\/wp-json\/wp\/v2\/comments?post=18"}],"version-history":[{"count":4,"href":"https:\/\/www.promotingdialogue.eu\/en\/wp-json\/wp\/v2\/pages\/18\/revisions"}],"predecessor-version":[{"id":236,"href":"https:\/\/www.promotingdialogue.eu\/en\/wp-json\/wp\/v2\/pages\/18\/revisions\/236"}],"wp:attachment":[{"href":"https:\/\/www.promotingdialogue.eu\/en\/wp-json\/wp\/v2\/media?parent=18"}],"curies":[{"name":"wp","href":"https:\/\/api.w.org\/{rel}","templated":true}]}}